{"id":46,"date":"2026-04-11T12:08:58","date_gmt":"2026-04-11T10:08:58","guid":{"rendered":"https:\/\/justdixie.de\/?page_id=46"},"modified":"2026-04-11T14:49:25","modified_gmt":"2026-04-11T12:49:25","slug":"termine","status":"publish","type":"page","link":"https:\/\/justdixie.de\/?page_id=46","title":{"rendered":"Termine"},"content":{"rendered":"\n<p>In der folgenden Liste finden Sie unsere Auftrittstermine in chronologischer Reihenfolge:<\/p>\n\n\n\n<ol class=\"wp-block-list\">\n<li class=\"has-accent-1-color has-text-color has-link-color wp-elements-581d71d3a6e92e9919b037c7e21e413a\">Samstag, 18. April 2026, 11:15 Uhr bis 12:45 Uhr \u2013<br>Westhausen, W\u00f6llersteinhalle \u2013 <strong>\u201emy_feschd!\u201c Kinderfest<\/strong> (MV Westhausen)<\/li>\n\n\n\n<li class=\"has-accent-2-color has-text-color has-link-color wp-elements-f7cab51977d597a960df7104f148f3f2\">Donnerstag, 14. Mai 2026 \u2013 Ellwangen, bei <a href=\"http:\/\/www.musik-bader.de\" target=\"_blank\" rel=\"noreferrer noopener\">Musik Bader<\/a>\u2013 <strong>Jazz-\/Wei\u00dfwurst-Fr\u00fchst\u00fcck<\/strong><\/li>\n\n\n\n<li class=\"has-accent-1-color has-text-color has-link-color wp-elements-13f6cb7d9b686f40e97bf15ab16aa216\">Samstag, 6. Juni 2026 \u2013 Ellwangen, Landesgartenschau-Gel\u00e4nde \u2013 <strong>Jazz-Fr\u00fchst\u00fcck<\/strong><\/li>\n\n\n\n<li class=\"has-accent-2-color has-text-color has-link-color wp-elements-95bc88ca989e3e9b07cbbecfaed0ca2f\">Sonntag, 18. Juli 2026 \u2013 Rainau\/Buch (Bucher Stausee) \u2013 <strong>Jazz am See<\/strong><\/li>\n\n\n\n<li class=\"has-accent-1-color has-text-color has-link-color wp-elements-756871fae83cc8e4ed7514f0ad8725a5\">Samstag, 1. August 2026 \u2013 Ellwangen, Marktplatz \u2013&nbsp;<strong>Jazz zur Marktzeit<\/strong><\/li>\n\n\n\n<li class=\"has-accent-2-color has-text-color has-link-color wp-elements-8e1d930506495223879b5e72f31008dc\">Sonntag, 16. August 2026 Nachmittag \u2013 Ellwangen, Landesgartenschau-Gel\u00e4nde \u2013 <strong>Jazz am Nachmittag<\/strong><\/li>\n\n\n\n<li class=\"has-accent-1-color has-text-color has-link-color wp-elements-9cfb48d185f21daa78d3f724088ff65d\">Samstag, 29. August 2026 \u2013 Ellwangen, Marienkirche \u2013 <strong>Weinfest<\/strong><\/li>\n\n\n\n<li class=\"has-accent-2-color has-text-color has-link-color wp-elements-976dbe7265cb8611190ff58ea644025c\">Sonntag, 20. September 2026 \u2013 Wasseralfingen, Tiefer Stollen \u2013 <strong>Jazz\u2013Fr\u00fchschoppen<\/strong><\/li>\n\n\n\n<li class=\"has-accent-1-color has-text-color has-link-color wp-elements-d9d73f69463839746d99ce978bfaba08\">Samstag, 24. Oktober 2026 \u2013 Ellwangen, Wagnershof \u2013 Weinfest<\/li>\n\n\n\n<li class=\"has-accent-2-color has-text-color has-link-color wp-elements-54ace6e3ac1dd65aef3d76203e597da6\">Sonntag, 20. Juni 2027 \u2013 Westhausen MV Blasmusik \u2013 Fr\u00fchschoppen<\/li>\n<\/ol>\n\n\n\n<p><strong>Aktueller Stand:<\/strong> 11. April 2026<\/p>\n\n\n\n<p><\/p>\n","protected":false},"excerpt":{"rendered":"<p>In der folgenden Liste finden Sie unsere Auftrittstermine in chronologischer Reihenfolge: Aktueller Stand: 11. April 2026<\/p>\n","protected":false},"author":1,"featured_media":47,"parent":0,"menu_order":2,"comment_status":"closed","ping_status":"closed","template":"","meta":{"footnotes":""},"class_list":["post-46","page","type-page","status-publish","has-post-thumbnail","hentry"],"_links":{"self":[{"href":"https:\/\/justdixie.de\/index.php?rest_route=\/wp\/v2\/pages\/46","targetHints":{"allow":["GET"]}}],"collection":[{"href":"https:\/\/justdixie.de\/index.php?rest_route=\/wp\/v2\/pages"}],"about":[{"href":"https:\/\/justdixie.de\/index.php?rest_route=\/wp\/v2\/types\/page"}],"author":[{"embeddable":true,"href":"https:\/\/justdixie.de\/index.php?rest_route=\/wp\/v2\/users\/1"}],"replies":[{"embeddable":true,"href":"https:\/\/justdixie.de\/index.php?rest_route=%2Fwp%2Fv2%2Fcomments&post=46"}],"version-history":[{"count":2,"href":"https:\/\/justdixie.de\/index.php?rest_route=\/wp\/v2\/pages\/46\/revisions"}],"predecessor-version":[{"id":93,"href":"https:\/\/justdixie.de\/index.php?rest_route=\/wp\/v2\/pages\/46\/revisions\/93"}],"wp:featuredmedia":[{"embeddable":true,"href":"https:\/\/justdixie.de\/index.php?rest_route=\/wp\/v2\/media\/47"}],"wp:attachment":[{"href":"https:\/\/justdixie.de\/index.php?rest_route=%2Fwp%2Fv2%2Fmedia&parent=46"}],"curies":[{"name":"wp","href":"https:\/\/api.w.org\/{rel}","templated":true}]}}