{"id":10,"date":"2026-04-11T11:33:47","date_gmt":"2026-04-11T09:33:47","guid":{"rendered":"https:\/\/justdixie.de\/?page_id=10"},"modified":"2026-04-11T14:46:30","modified_gmt":"2026-04-11T12:46:30","slug":"justdixie-start","status":"publish","type":"page","link":"https:\/\/justdixie.de\/","title":{"rendered":"Start"},"content":{"rendered":"\n<div class=\"wp-block-group alignfull is-style-section-2 has-accent-5-background-color has-background has-global-padding is-layout-constrained wp-block-group-is-layout-constrained is-style-section-2--1\" style=\"margin-top:0;margin-bottom:0;padding-top:var(--wp--preset--spacing--60);padding-bottom:var(--wp--preset--spacing--60)\">\n<div class=\"wp-block-columns alignwide is-layout-flex wp-container-core-columns-is-layout-643ced6b wp-block-columns-is-layout-flex\">\n<div class=\"wp-block-column is-layout-flow wp-block-column-is-layout-flow\" style=\"flex-basis:40%\">\n<figure class=\"wp-block-image size-large\"><img loading=\"lazy\" decoding=\"async\" width=\"1024\" height=\"874\" src=\"https:\/\/justdixie.de\/wp-content\/uploads\/2026\/04\/IMG_8458-klein-1024x874.jpeg\" alt=\"\" class=\"wp-image-12\" srcset=\"https:\/\/justdixie.de\/wp-content\/uploads\/2026\/04\/IMG_8458-klein-1024x874.jpeg 1024w, https:\/\/justdixie.de\/wp-content\/uploads\/2026\/04\/IMG_8458-klein-300x256.jpeg 300w, https:\/\/justdixie.de\/wp-content\/uploads\/2026\/04\/IMG_8458-klein-768x655.jpeg 768w, https:\/\/justdixie.de\/wp-content\/uploads\/2026\/04\/IMG_8458-klein.jpeg 1200w\" sizes=\"auto, (max-width: 1024px) 100vw, 1024px\" \/><\/figure>\n<\/div>\n\n\n\n<div class=\"wp-block-column is-vertically-aligned-center is-layout-flow wp-container-core-column-is-layout-119bc444 wp-block-column-is-layout-flow\" style=\"flex-basis:60%\">\n<h2 class=\"wp-block-heading has-xx-large-font-size\">JustDixie<\/h2>\n\n\n\n<p>Die Ellwanger Dixieland-Jazzband spielt unter dem Motto <em>\u201eAuf nach New Orleans!\u201c<\/em> und pr\u00e4sentiert sich mit einem Repertoire aus Dixieland-Jazz, Swing, Boogie und Blues aus der ersten H\u00e4lfte des vergangenen Jahrhunderts. Bekannte Songs gepaart mit lustigen Texten bereichern das Repertoire und stellen so die Spielfreude der Band in den Vordergrund.<\/p>\n<\/div>\n<\/div>\n\n\n\n<p><strong>Kontakt &amp; Buchung:<\/strong> <a href=\"mailto:gerhard@justdixie.de\">gerhard@justdixie.de<\/a><br><strong>Website-Gestaltung:<\/strong> <a href=\"mailto:info@justdixie.de\">info@justdixie.de<\/a><br><a href=\"https:\/\/www.facebook.com\/profile.php?id=100070899874022&amp;sk=directory_intro\">Facebook<\/a><\/p>\n<\/div>\n\n\n\n<div class=\"wp-block-group alignfull is-style-section-5 has-global-padding is-layout-constrained wp-block-group-is-layout-constrained is-style-section-5--2\" style=\"margin-top:0;margin-bottom:0;padding-top:var(--wp--preset--spacing--50);padding-bottom:var(--wp--preset--spacing--50)\">\n<div class=\"wp-block-columns alignwide is-layout-flex wp-container-core-columns-is-layout-7ee84d44 wp-block-columns-is-layout-flex\">\n<div class=\"wp-block-column is-vertically-aligned-center is-layout-flow wp-block-column-is-layout-flow\" style=\"flex-basis:50%\">\n<h2 class=\"wp-block-heading\">Was die Presse sagt&#8230; <\/h2>\n\n\n\n<p class=\"has-medium-font-size\">\u201eJust Dixie\u201c auf dem Ellwanger Marktplatz: mehr als eine \u00f6ffentliche Probe<\/p>\n\n\n\n<p class=\"has-medium-font-size\">Gut beh\u00fctet unter den Ellwanger Marktschirmen gab die siebenk\u00f6pfige Band \u201eJustDixie\u201cein kleines Sommerabendkonzert. Mit ihrem Repertoire von klassischem Blues, Ragtime und Dixie spielten sie ihren Zuh\u00f6rern bei Regenschauern die Sommersonne ins Herz. Programm war der speziell getextete Song \u201eJa nur der Dixieland der Just Dixie-Band, der baut dich auf und du bist gut drauf.\u201c Der Auftritt, der als \u00f6ffentliche Probe tituliert war, war mehr als nur das. Geschmeidig f\u00fcgte sich Ton an Ton und die gestandenen Musiker hatten w\u00e4hrend der langen probenfreien Zeit nicht verlernt, die T\u00f6ne passgenau zu platzieren. Als Newcomer in der Band spielten die Wasseralfinger Heinrich Riedl am Klavier und Markus Irmler an der Trompete. Launig unterhielt Bandleader Gerhard Ilg das Publikum auf dem Ellwanger Marktplatz, das sp\u00e4ter die Regenschirme zuklappen konnte. Schmachtvoll klang es zwischen Basilika und Stiftsherrnh\u00e4usern \u201eI can&#8217;t give you anything but Love, Baby\u201c. Die abendliche Musikprobe war der Vorgeschmack auf den ersten gro\u00dfen Auftritt, den die Band am Sonntag 1. August, zum Jazz-Fr\u00fchschoppen im Landgasthof Vogthof in Aalen-R\u00f6thardt nach der Corona-Pause hat. Dort klingt dann ab 10 Uhr wieder \u201eJust Dixie\u201c. Text\/Foto: sab [SDZ-Medien, 21. Juli 2021]<\/p>\n<\/div>\n\n\n\n<div class=\"wp-block-column is-vertically-aligned-center is-layout-flow wp-block-column-is-layout-flow\" style=\"flex-basis:50%\">\n<figure class=\"wp-block-image aligncenter size-full\"><img loading=\"lazy\" decoding=\"async\" width=\"1467\" height=\"691\" src=\"https:\/\/justdixie.de\/wp-content\/uploads\/2026\/04\/Pressebericht_2021_Foto-klein.jpeg\" alt=\"\" class=\"wp-image-61\" style=\"aspect-ratio:1;object-fit:contain\" srcset=\"https:\/\/justdixie.de\/wp-content\/uploads\/2026\/04\/Pressebericht_2021_Foto-klein.jpeg 1467w, https:\/\/justdixie.de\/wp-content\/uploads\/2026\/04\/Pressebericht_2021_Foto-klein-300x141.jpeg 300w, https:\/\/justdixie.de\/wp-content\/uploads\/2026\/04\/Pressebericht_2021_Foto-klein-1024x482.jpeg 1024w, https:\/\/justdixie.de\/wp-content\/uploads\/2026\/04\/Pressebericht_2021_Foto-klein-768x362.jpeg 768w\" sizes=\"auto, (max-width: 1467px) 100vw, 1467px\" \/><\/figure>\n<\/div>\n<\/div>\n<\/div>\n\n\n\n<div class=\"wp-block-group alignfull is-style-section-1 has-global-padding is-layout-constrained wp-container-core-group-is-layout-d5d53815 wp-block-group-is-layout-constrained is-style-section-1--3\" style=\"margin-top:0;margin-bottom:0;padding-top:var(--wp--preset--spacing--30);padding-right:var(--wp--preset--spacing--30);padding-bottom:var(--wp--preset--spacing--30);padding-left:var(--wp--preset--spacing--30)\">\n<h2 class=\"wp-block-heading has-text-align-center\"><strong>JustDixie:<\/strong> Die \u201eDixieaner\u201c<\/h2>\n<\/div>\n\n\n\n<figure class=\"wp-block-gallery alignwide has-nested-images columns-4 is-cropped wp-block-gallery-4 is-layout-flex wp-block-gallery-is-layout-flex\" style=\"border-style:none;border-width:0px\">\n<figure class=\"wp-block-image aligncenter size-full\"><img loading=\"lazy\" decoding=\"async\" width=\"560\" height=\"792\" data-id=\"13\" src=\"https:\/\/justdixie.de\/wp-content\/uploads\/2026\/04\/Band-1-\u2013-Gerhard-Ilg.png\" alt=\"\" class=\"wp-image-13\" srcset=\"https:\/\/justdixie.de\/wp-content\/uploads\/2026\/04\/Band-1-\u2013-Gerhard-Ilg.png 560w, https:\/\/justdixie.de\/wp-content\/uploads\/2026\/04\/Band-1-\u2013-Gerhard-Ilg-212x300.png 212w\" sizes=\"auto, (max-width: 560px) 100vw, 560px\" \/><figcaption class=\"wp-element-caption\"><strong>Gerhard Ilg:<\/strong> Banjo, Gesang, Kontrabass<\/figcaption><\/figure>\n\n\n\n<figure class=\"wp-block-image size-full\"><img loading=\"lazy\" decoding=\"async\" width=\"561\" height=\"792\" data-id=\"16\" src=\"https:\/\/justdixie.de\/wp-content\/uploads\/2026\/04\/Band-2-\u2013-Robert-Gmeiner.png\" alt=\"\" class=\"wp-image-16\" srcset=\"https:\/\/justdixie.de\/wp-content\/uploads\/2026\/04\/Band-2-\u2013-Robert-Gmeiner.png 561w, https:\/\/justdixie.de\/wp-content\/uploads\/2026\/04\/Band-2-\u2013-Robert-Gmeiner-213x300.png 213w\" sizes=\"auto, (max-width: 561px) 100vw, 561px\" \/><figcaption class=\"wp-element-caption\"><strong>Robert Gmeiner:<\/strong> Tuba, Posaune<\/figcaption><\/figure>\n\n\n\n<figure class=\"wp-block-image size-full\"><img loading=\"lazy\" decoding=\"async\" width=\"560\" height=\"793\" data-id=\"18\" src=\"https:\/\/justdixie.de\/wp-content\/uploads\/2026\/04\/Band-3-\u2013-Albert-Uhl.png\" alt=\"\" class=\"wp-image-18\" srcset=\"https:\/\/justdixie.de\/wp-content\/uploads\/2026\/04\/Band-3-\u2013-Albert-Uhl.png 560w, https:\/\/justdixie.de\/wp-content\/uploads\/2026\/04\/Band-3-\u2013-Albert-Uhl-212x300.png 212w\" sizes=\"auto, (max-width: 560px) 100vw, 560px\" \/><figcaption class=\"wp-element-caption\"><strong>Albert Uhl:<\/strong> Klarinette<\/figcaption><\/figure>\n\n\n\n<figure class=\"wp-block-image size-full\"><img loading=\"lazy\" decoding=\"async\" width=\"562\" height=\"792\" data-id=\"15\" src=\"https:\/\/justdixie.de\/wp-content\/uploads\/2026\/04\/Band-4-\u2013-Eberhard-Wolf.png\" alt=\"\" class=\"wp-image-15\" srcset=\"https:\/\/justdixie.de\/wp-content\/uploads\/2026\/04\/Band-4-\u2013-Eberhard-Wolf.png 562w, https:\/\/justdixie.de\/wp-content\/uploads\/2026\/04\/Band-4-\u2013-Eberhard-Wolf-213x300.png 213w\" sizes=\"auto, (max-width: 562px) 100vw, 562px\" \/><figcaption class=\"wp-element-caption\"><strong>Eberhard Wolf:<\/strong> Saxophon<\/figcaption><\/figure>\n\n\n\n<figure class=\"wp-block-image size-full\"><img loading=\"lazy\" decoding=\"async\" width=\"561\" height=\"792\" data-id=\"14\" src=\"https:\/\/justdixie.de\/wp-content\/uploads\/2026\/04\/Band-5-\u2013-Markus-Irmler.png\" alt=\"\" class=\"wp-image-14\" srcset=\"https:\/\/justdixie.de\/wp-content\/uploads\/2026\/04\/Band-5-\u2013-Markus-Irmler.png 561w, https:\/\/justdixie.de\/wp-content\/uploads\/2026\/04\/Band-5-\u2013-Markus-Irmler-213x300.png 213w\" sizes=\"auto, (max-width: 561px) 100vw, 561px\" \/><figcaption class=\"wp-element-caption\"><strong>Markus Irmler:<\/strong> Trompete, Gesang<\/figcaption><\/figure>\n\n\n\n<figure class=\"wp-block-image size-full\"><img loading=\"lazy\" decoding=\"async\" width=\"560\" height=\"792\" data-id=\"17\" src=\"https:\/\/justdixie.de\/wp-content\/uploads\/2026\/04\/Band-6-\u2013-Heine-Riedl.png\" alt=\"\" class=\"wp-image-17\" srcset=\"https:\/\/justdixie.de\/wp-content\/uploads\/2026\/04\/Band-6-\u2013-Heine-Riedl.png 560w, https:\/\/justdixie.de\/wp-content\/uploads\/2026\/04\/Band-6-\u2013-Heine-Riedl-212x300.png 212w\" sizes=\"auto, (max-width: 560px) 100vw, 560px\" \/><figcaption class=\"wp-element-caption\"><strong>Heine Riedl:<\/strong> Klavier &amp; Arrangements<\/figcaption><\/figure>\n\n\n\n<figure class=\"wp-block-image size-full\"><img loading=\"lazy\" decoding=\"async\" width=\"561\" height=\"791\" data-id=\"19\" src=\"https:\/\/justdixie.de\/wp-content\/uploads\/2026\/04\/Band-7-\u2013-Harald-Hilsenbek.png\" alt=\"\" class=\"wp-image-19\" srcset=\"https:\/\/justdixie.de\/wp-content\/uploads\/2026\/04\/Band-7-\u2013-Harald-Hilsenbek.png 561w, https:\/\/justdixie.de\/wp-content\/uploads\/2026\/04\/Band-7-\u2013-Harald-Hilsenbek-213x300.png 213w\" sizes=\"auto, (max-width: 561px) 100vw, 561px\" \/><figcaption class=\"wp-element-caption\"><strong>Harald Hilsenbek:<\/strong> Schlagzeug<\/figcaption><\/figure>\n\n\n\n<figure class=\"wp-block-image size-full\"><img loading=\"lazy\" decoding=\"async\" width=\"561\" height=\"791\" data-id=\"91\" src=\"https:\/\/justdixie.de\/wp-content\/uploads\/2026\/04\/Band-8-\u2013-Platzhalter.png\" alt=\"\" class=\"wp-image-91\" srcset=\"https:\/\/justdixie.de\/wp-content\/uploads\/2026\/04\/Band-8-\u2013-Platzhalter.png 561w, https:\/\/justdixie.de\/wp-content\/uploads\/2026\/04\/Band-8-\u2013-Platzhalter-213x300.png 213w\" sizes=\"auto, (max-width: 561px) 100vw, 561px\" \/><\/figure>\n<\/figure>\n\n\n\n<div class=\"wp-block-columns alignwide is-layout-flex wp-container-core-columns-is-layout-28f84493 wp-block-columns-is-layout-flex\">\n<div class=\"wp-block-column is-layout-flow wp-block-column-is-layout-flow\" style=\"flex-basis:100%\">\n<p class=\"has-text-align-center has-accent-5-background-color has-background has-x-large-font-size\"><strong>Band-Info<\/strong><\/p>\n\n\n\n<div class=\"wp-block-columns is-layout-flex wp-container-core-columns-is-layout-28f84493 wp-block-columns-is-layout-flex\">\n<div class=\"wp-block-column is-layout-flow wp-block-column-is-layout-flow\">\n<p>Gute Laune immer aufs Neue selbst zu erleben und dies auch das Publikum sp\u00fcren zu lassen, das verbindet die sieben Musiker aus dem Raum Ellwangen. Die Freude am Dixieland-Jazz teilen die Mitglieder von <strong>JustDixie<\/strong> seit 2004, als aus einer Faschingslaune zum Thema <em>\u201eNew Orleans\u201d<\/em> die Band entstand. Seither versucht die Formation immer wieder, gerne auch mit neu entdeckten Titeln aus dem Dixieland-Jazz, sich selbst und dem Publikum das Herz frei zu spielen. Jeder der sieben Musiker bringt jahr(zehnt)elange Erfahrung aus den unterschiedlichsten Musikrichtungen ein.<\/p>\n\n\n\n<p>Die Musik wurzelt im klassischen New Orleans Jazz und dem Chicago Style der 1920er und 1930er Jahre. Im Mittelpunkt stehen Kompositionen von Clarence und Spencer Williams, King Oliver, Fats Waller u.v.a. Gemischt mit bekannten Swing-Nummern richtet man sich bei der Auswahl des Programms kurzerhand nach dem Publikum.<\/p>\n\n\n\n<p>JustDixie wurde 2004 in Ellwangen\/Jagst gegr\u00fcndet. JustDixie pr\u00e4sentiert vom traditionellen Dixieland bis zum Swing ein abwechslungsreiches Repertoire. Weltbekannte und unvergessene Swing-Evergreens und originell interpretierter New Orleans\/Dixieland-Jazz f\u00fcr jede Feier.<\/p>\n\n\n\n<p>Ideal eignet sich JustDixie f\u00fcr Veranstaltungen wie Vernissagen, Er\u00f6ffnungen, Fr\u00fchschoppen, Brunches, Jubil\u00e4en, Geburtstagsfeiern, Messen\u2026 <em>Haben wir Ihr Interesse geweckt?<\/em> Dann melden Sie sich einfach bei uns unter <a href=\"mailto:gerhard@justdixie.de\">gerhard@justdixie.de<\/a>! <\/p>\n<\/div>\n<\/div>\n<\/div>\n<\/div>\n","protected":false},"excerpt":{"rendered":"<p>JustDixie Die Ellwanger Dixieland-Jazzband spielt unter dem Motto \u201eAuf nach New Orleans!\u201c und pr\u00e4sentiert sich mit einem Repertoire aus Dixieland-Jazz, Swing, Boogie und Blues aus der ersten H\u00e4lfte des vergangenen Jahrhunderts. Bekannte Songs gepaart mit lustigen Texten bereichern das Repertoire und stellen so die Spielfreude der Band in den Vordergrund. Kontakt &amp; Buchung: gerhard@justdixie.deWebsite-Gestaltung: info@justdixie.deFacebook [&hellip;]<\/p>\n","protected":false},"author":1,"featured_media":47,"parent":0,"menu_order":1,"comment_status":"closed","ping_status":"closed","template":"","meta":{"footnotes":""},"class_list":["post-10","page","type-page","status-publish","has-post-thumbnail","hentry"],"_links":{"self":[{"href":"https:\/\/justdixie.de\/index.php?rest_route=\/wp\/v2\/pages\/10","targetHints":{"allow":["GET"]}}],"collection":[{"href":"https:\/\/justdixie.de\/index.php?rest_route=\/wp\/v2\/pages"}],"about":[{"href":"https:\/\/justdixie.de\/index.php?rest_route=\/wp\/v2\/types\/page"}],"author":[{"embeddable":true,"href":"https:\/\/justdixie.de\/index.php?rest_route=\/wp\/v2\/users\/1"}],"replies":[{"embeddable":true,"href":"https:\/\/justdixie.de\/index.php?rest_route=%2Fwp%2Fv2%2Fcomments&post=10"}],"version-history":[{"count":6,"href":"https:\/\/justdixie.de\/index.php?rest_route=\/wp\/v2\/pages\/10\/revisions"}],"predecessor-version":[{"id":92,"href":"https:\/\/justdixie.de\/index.php?rest_route=\/wp\/v2\/pages\/10\/revisions\/92"}],"wp:featuredmedia":[{"embeddable":true,"href":"https:\/\/justdixie.de\/index.php?rest_route=\/wp\/v2\/media\/47"}],"wp:attachment":[{"href":"https:\/\/justdixie.de\/index.php?rest_route=%2Fwp%2Fv2%2Fmedia&parent=10"}],"curies":[{"name":"wp","href":"https:\/\/api.w.org\/{rel}","templated":true}]}}